{"id":186,"date":"2024-11-07T10:48:03","date_gmt":"2024-11-07T10:48:03","guid":{"rendered":"https:\/\/fmldrilling.com\/?page_id=186"},"modified":"2024-11-22T09:08:18","modified_gmt":"2024-11-22T09:08:18","slug":"cimentaciones-pilotadoras-xr360e","status":"publish","type":"page","link":"https:\/\/fmldrilling.com\/en\/cimentaciones-pilotadoras-xr360e\/","title":{"rendered":"cimentaciones-pilotadoras-xr360e"},"content":{"rendered":"<div data-elementor-type=\"wp-page\" data-elementor-id=\"186\" class=\"elementor elementor-186\">\n\t\t\t\t<div class=\"elementor-element elementor-element-7e66e6d e-con-full e-flex wpr-particle-no wpr-jarallax-no wpr-parallax-no wpr-sticky-section-no e-con e-parent\" data-id=\"7e66e6d\" data-element_type=\"container\">\n\t\t\t\t<div class=\"elementor-element elementor-element-77defc3 elementor-widget elementor-widget-heading\" data-id=\"77defc3\" data-element_type=\"widget\" data-widget_type=\"heading.default\">\n\t\t\t\t<div class=\"elementor-widget-container\">\n\t\t\t<h2 class=\"elementor-heading-title elementor-size-default\">XR 360E<\/h2>\t\t<\/div>\n\t\t\t\t<\/div>\n\t\t\t\t<div class=\"elementor-element elementor-element-53b8b4b elementor-widget elementor-widget-image\" data-id=\"53b8b4b\" data-element_type=\"widget\" data-widget_type=\"image.default\">\n\t\t\t\t<div class=\"elementor-widget-container\">\n\t\t\t\t\t\t\t\t\t\t\t\t\t<img fetchpriority=\"high\" decoding=\"async\" width=\"700\" height=\"487\" src=\"https:\/\/fmldrilling.com\/wp-content\/uploads\/2024\/11\/XR360E.jpg\" class=\"attachment-full size-full wp-image-189\" alt=\"\" srcset=\"https:\/\/fmldrilling.com\/wp-content\/uploads\/2024\/11\/XR360E.jpg 700w, https:\/\/fmldrilling.com\/wp-content\/uploads\/2024\/11\/XR360E-300x209.jpg 300w\" sizes=\"(max-width: 700px) 100vw, 700px\" \/>\t\t\t\t\t\t\t\t\t\t\t\t\t<\/div>\n\t\t\t\t<\/div>\n\t\t\t\t<div class=\"elementor-element elementor-element-e8ace50 elementor-widget elementor-widget-text-editor\" data-id=\"e8ace50\" data-element_type=\"widget\" data-widget_type=\"text-editor.default\">\n\t\t\t\t<div class=\"elementor-widget-container\">\n\t\t\t\t\t\t\t<p>It&#8217;s applicable for concrete cast in situ pile for foundation construction such as urban construction,railway,highway,bridge,subway and building.<\/p>\t\t\t\t\t\t<\/div>\n\t\t\t\t<\/div>\n\t\t\t\t<div class=\"elementor-element elementor-element-c6663a6 elementor-widget elementor-widget-html\" data-id=\"c6663a6\" data-element_type=\"widget\" data-widget_type=\"html.default\">\n\t\t\t\t<div class=\"elementor-widget-container\">\n\t\t\t<table>\r\n  <thead>\r\n    <tr>\r\n      <th style=\"text-align: center;\">Specification<\/th>\r\n      <th style=\"text-align: center;\">Unit<\/th>\r\n      <th style=\"text-align: center;\">Value<\/th>\r\n    <\/tr>\r\n  <\/thead>\r\n  <tbody>\r\n    <tr>\r\n      <td colspan=\"3\"><b>Engine<\/b><\/td>\r\n    <\/tr>\r\n    <tr>\r\n      <td>Model<\/td>\r\n      <td>-<\/td>\r\n      <td>TAD1353VE<\/td>\r\n    <\/tr>\r\n    <tr>\r\n      <td>Rated Power<\/td>\r\n      <td>kW<\/td>\r\n      <td>345<\/td>\r\n    <\/tr>\r\n    <tr>\r\n      <td colspan=\"3\"><b>Rotary Drive<\/b><\/td>\r\n    <\/tr>\r\n    <tr>\r\n      <td>Max. output torque<\/td>\r\n      <td>kN\ufe52m<\/td>\r\n      <td>360<\/td>\r\n    <\/tr>\r\n    <tr>\r\n      <td>Rotary Speed<\/td>\r\n      <td>r\/min<\/td>\r\n      <td>6-27<\/td>\r\n    <\/tr>\r\n    <tr>\r\n      <td>Max. Drilling Diameter<\/td>\r\n      <td>mm<\/td>\r\n      <td>\u03c62600\/\u03c62300*<\/td>\r\n    <\/tr>\r\n    <tr>\r\n      <td>Max. Drilling Depth<\/td>\r\n      <td>m<\/td>\r\n      <td>103<\/td>\r\n    <\/tr>\r\n    <tr>\r\n      <td colspan=\"3\"><b>Crowd Cylinder<\/b><\/td>\r\n    <\/tr>\r\n    <tr>\r\n      <td>Max. pull-down piston push<\/td>\r\n      <td>kN<\/td>\r\n      <td>300<\/td>\r\n    <\/tr>\r\n    <tr>\r\n      <td>Max. pull-down piston pull<\/td>\r\n      <td>kN<\/td>\r\n      <td>350<\/td>\r\n    <\/tr>\r\n    <tr>\r\n      <td>Max. pull-down piston stroke<\/td>\r\n      <td>m<\/td>\r\n      <td>6<\/td>\r\n    <\/tr>\r\n    <tr>\r\n      <td colspan=\"3\"><b>Crowd Winch<\/b><\/td>\r\n    <\/tr>\r\n    <tr>\r\n      <td>Max. pull-down piston push<\/td>\r\n      <td>kN<\/td>\r\n      <td>300<\/td>\r\n    <\/tr>\r\n    <tr>\r\n      <td>Max. pull-down piston pull<\/td>\r\n      <td>kN<\/td>\r\n      <td>350<\/td>\r\n    <\/tr>\r\n    <tr>\r\n      <td>Max. pull-down piston stroke<\/td>\r\n      <td>m<\/td>\r\n      <td>10\/16<\/td>\r\n    <\/tr>\r\n    <tr>\r\n      <td colspan=\"3\"><b>Main Winch<\/b><\/td>\r\n    <\/tr>\r\n    <tr>\r\n      <td>Max. pulling force<\/td>\r\n      <td>kN<\/td>\r\n      <td>370<\/td>\r\n    <\/tr>\r\n    <tr>\r\n      <td>Max. line speed<\/td>\r\n      <td>m\/min<\/td>\r\n      <td>60<\/td>\r\n    <\/tr>\r\n    <tr>\r\n      <td colspan=\"3\"><b>Auxiliary Winch<\/b><\/td>\r\n    <\/tr>\r\n    <tr>\r\n      <td>Max. pulling force<\/td>\r\n      <td>kN<\/td>\r\n      <td>100<\/td>\r\n    <\/tr>\r\n    <tr>\r\n      <td>Max. line speed<\/td>\r\n      <td>m\/min<\/td>\r\n      <td>41<\/td>\r\n    <\/tr>\r\n    <tr>\r\n      <td>Mast Rake (Slide\/forwards\/backwards)<\/td>\r\n      <td>\u00b0<\/td>\r\n      <td>\u00b15\u00b0\/5\u00b0\/15\u00b0<\/td>\r\n    <\/tr>\r\n    <tr>\r\n      <td colspan=\"3\"><b>Undercarriage<\/b><\/td>\r\n    <\/tr>\r\n    <tr>\r\n      <td>Max. traveling speed<\/td>\r\n      <td>km\/h<\/td>\r\n      <td>1.3<\/td>\r\n    <\/tr>\r\n    <tr>\r\n      <td>Max. grade ability<\/td>\r\n      <td>%<\/td>\r\n      <td>35<\/td>\r\n    <\/tr>\r\n    <tr>\r\n      <td>Min. clearance<\/td>\r\n      <td>mm<\/td>\r\n      <td>450<\/td>\r\n    <\/tr>\r\n    <tr>\r\n      <td>Track shoe width<\/td>\r\n      <td>mm<\/td>\r\n      <td>800<\/td>\r\n    <\/tr>\r\n    <tr>\r\n      <td>Distance between tracks<\/td>\r\n      <td>mm<\/td>\r\n      <td>3500-4900<\/td>\r\n    <\/tr>\r\n    <tr>\r\n      <td colspan=\"3\"><b>Hydraulic System<\/b><\/td>\r\n    <\/tr>\r\n    <tr>\r\n      <td>Working pressure<\/td>\r\n      <td>MPa<\/td>\r\n      <td>33<\/td>\r\n    <\/tr>\r\n    <tr>\r\n      <td>Overall Drilling Weight<\/td>\r\n      <td>t<\/td>\r\n      <td>115<\/td>\r\n    <\/tr>\r\n    <tr>\r\n      <td colspan=\"3\"><b>Dimension<\/b><\/td>\r\n    <\/tr>\r\n    <tr>\r\n      <td>Working condition<\/td>\r\n      <td>mm<\/td>\r\n      <td>10870\u00d74900\u00d725820<\/td>\r\n    <\/tr>\r\n    <tr>\r\n      <td>Transportation condition<\/td>\r\n      <td>mm<\/td>\r\n      <td>20650\u00d73500\u00d73845<\/td>\r\n    <\/tr>\r\n  <\/tbody>\r\n<\/table>\r\n\t\t<\/div>\n\t\t\t\t<\/div>\n\t\t\t\t<\/div>\n\t\t\t\t<\/div>","protected":false},"excerpt":{"rendered":"<p>XR 360E It&#8217;s applicable for concrete cast in situ pile for foundation construction such as urban construction,railway,highway,bridge,subway and building. Specification Unit Value Engine Model &#8211; TAD1353VE Rated Power kW 345 Rotary Drive Max. output torque kN\ufe52m 360 Rotary Speed r\/min 6-27 Max. Drilling Diameter mm \u03c62600\/\u03c62300* Max. Drilling Depth m 103 Crowd Cylinder Max. pull-down piston push kN 300 Max. pull-down piston pull kN 350 Max. pull-down piston stroke m 6 Crowd Winch Max. pull-down piston push kN 300 Max. pull-down piston pull kN 350 Max. pull-down piston stroke m 10\/16 Main Winch Max. pulling force kN 370 Max. line speed m\/min 60 Auxiliary Winch Max. pulling force kN 100 Max. line speed m\/min 41 Mast Rake (Slide\/forwards\/backwards) \u00b0 \u00b15\u00b0\/5\u00b0\/15\u00b0 Undercarriage Max. traveling speed km\/h 1.3 Max. grade ability % 35 Min. clearance mm 450 Track shoe width mm 800 Distance between tracks mm 3500-4900 Hydraulic System Working pressure MPa 33 Overall Drilling Weight t 115 Dimension Working condition mm 10870\u00d74900\u00d725820 Transportation condition mm 20650\u00d73500\u00d73845<\/p>","protected":false},"author":2,"featured_media":0,"parent":0,"menu_order":0,"comment_status":"closed","ping_status":"closed","template":"","meta":{"footnotes":""},"class_list":["post-186","page","type-page","status-publish","hentry"],"_links":{"self":[{"href":"https:\/\/fmldrilling.com\/en\/wp-json\/wp\/v2\/pages\/186","targetHints":{"allow":["GET"]}}],"collection":[{"href":"https:\/\/fmldrilling.com\/en\/wp-json\/wp\/v2\/pages"}],"about":[{"href":"https:\/\/fmldrilling.com\/en\/wp-json\/wp\/v2\/types\/page"}],"author":[{"embeddable":true,"href":"https:\/\/fmldrilling.com\/en\/wp-json\/wp\/v2\/users\/2"}],"replies":[{"embeddable":true,"href":"https:\/\/fmldrilling.com\/en\/wp-json\/wp\/v2\/comments?post=186"}],"version-history":[{"count":7,"href":"https:\/\/fmldrilling.com\/en\/wp-json\/wp\/v2\/pages\/186\/revisions"}],"predecessor-version":[{"id":776,"href":"https:\/\/fmldrilling.com\/en\/wp-json\/wp\/v2\/pages\/186\/revisions\/776"}],"wp:attachment":[{"href":"https:\/\/fmldrilling.com\/en\/wp-json\/wp\/v2\/media?parent=186"}],"curies":[{"name":"wp","href":"https:\/\/api.w.org\/{rel}","templated":true}]}}