{"id":180,"date":"2024-11-07T10:44:13","date_gmt":"2024-11-07T10:44:13","guid":{"rendered":"https:\/\/fmldrilling.com\/?page_id=180"},"modified":"2024-11-22T09:08:01","modified_gmt":"2024-11-22T09:08:01","slug":"cimentaciones-pilotadoras-xr240e","status":"publish","type":"page","link":"https:\/\/fmldrilling.com\/en\/cimentaciones-pilotadoras-xr240e\/","title":{"rendered":"cimentaciones-pilotadoras-xr240e"},"content":{"rendered":"<div data-elementor-type=\"wp-page\" data-elementor-id=\"180\" class=\"elementor elementor-180\">\n\t\t\t\t<div class=\"elementor-element elementor-element-7e66e6d e-con-full e-flex wpr-particle-no wpr-jarallax-no wpr-parallax-no wpr-sticky-section-no e-con e-parent\" data-id=\"7e66e6d\" data-element_type=\"container\">\n\t\t\t\t<div class=\"elementor-element elementor-element-77defc3 elementor-widget elementor-widget-heading\" data-id=\"77defc3\" data-element_type=\"widget\" data-widget_type=\"heading.default\">\n\t\t\t\t<div class=\"elementor-widget-container\">\n\t\t\t<h2 class=\"elementor-heading-title elementor-size-default\">XR 240E<\/h2>\t\t<\/div>\n\t\t\t\t<\/div>\n\t\t\t\t<div class=\"elementor-element elementor-element-53b8b4b elementor-widget elementor-widget-image\" data-id=\"53b8b4b\" data-element_type=\"widget\" data-widget_type=\"image.default\">\n\t\t\t\t<div class=\"elementor-widget-container\">\n\t\t\t\t\t\t\t\t\t\t\t\t\t<img fetchpriority=\"high\" decoding=\"async\" width=\"700\" height=\"487\" src=\"https:\/\/fmldrilling.com\/wp-content\/uploads\/2024\/11\/XR240E.jpg\" class=\"attachment-full size-full wp-image-182\" alt=\"\" srcset=\"https:\/\/fmldrilling.com\/wp-content\/uploads\/2024\/11\/XR240E.jpg 700w, https:\/\/fmldrilling.com\/wp-content\/uploads\/2024\/11\/XR240E-300x209.jpg 300w\" sizes=\"(max-width: 700px) 100vw, 700px\" \/>\t\t\t\t\t\t\t\t\t\t\t\t\t<\/div>\n\t\t\t\t<\/div>\n\t\t\t\t<div class=\"elementor-element elementor-element-e8ace50 elementor-widget elementor-widget-text-editor\" data-id=\"e8ace50\" data-element_type=\"widget\" data-widget_type=\"text-editor.default\">\n\t\t\t\t<div class=\"elementor-widget-container\">\n\t\t\t\t\t\t\t<p>It&#8217;s applicable for concrete cast in situ pile for foundation construction such as urban construction,railway,highway,bridge,subway and building.<\/p>\t\t\t\t\t\t<\/div>\n\t\t\t\t<\/div>\n\t\t\t\t<div class=\"elementor-element elementor-element-c6663a6 elementor-widget elementor-widget-html\" data-id=\"c6663a6\" data-element_type=\"widget\" data-widget_type=\"html.default\">\n\t\t\t\t<div class=\"elementor-widget-container\">\n\t\t\t<table border=\"1\" cellspacing=\"0\" cellpadding=\"5\">\r\n  <thead>\r\n    <tr>\r\n      <th style=\"text-align:center;\">Specification<\/th>\r\n      <th style=\"text-align:center;\">Unit<\/th>\r\n      <th style=\"text-align:center;\">Value<\/th>\r\n    <\/tr>\r\n  <\/thead>\r\n  <tbody>\r\n    <tr><td><b>Engine<\/b><\/td><td><\/td><td><\/td><\/tr>\r\n    <tr><td>Model<\/td><td>-<\/td><td>L9 Euro V<\/td><\/tr>\r\n    <tr><td>Rated Power<\/td><td>kW<\/td><td>252<\/td><\/tr>\r\n\r\n    <tr><td><b>Rotary Drive<\/b><\/td><td><\/td><td><\/td><\/tr>\r\n    <tr><td>Max.output torque<\/td><td>kN\ufe52m<\/td><td>240<\/td><\/tr>\r\n    <tr><td>Rotary Speed<\/td><td>r\/min<\/td><td>7-30<\/td><\/tr>\r\n    <tr><td>Max.Drilling Diameter<\/td><td>mm<\/td><td>\u00d82200\/\u00d82000*<\/td><\/tr>\r\n    <tr><td>Max.Drilling Depth<\/td><td>m<\/td><td>70<\/td><\/tr>\r\n\r\n    <tr><td><b>Crowd Cylinder<\/b><\/td><td><\/td><td><\/td><\/tr>\r\n    <tr><td>Max.pull-down piston push<\/td><td>kN<\/td><td>210<\/td><\/tr>\r\n    <tr><td>Max.pull-down piston pull<\/td><td>kN<\/td><td>220<\/td><\/tr>\r\n    <tr><td>Max.pull-down piston stroke<\/td><td>m<\/td><td>5<\/td><\/tr>\r\n\r\n    <tr><td><b>Crowd Winch<\/b><\/td><td><\/td><td><\/td><\/tr>\r\n    <tr><td>Max.pull-down piston push<\/td><td>kN<\/td><td>250<\/td><\/tr>\r\n    <tr><td>Max.pull-down piston pull<\/td><td>kN<\/td><td>250<\/td><\/tr>\r\n    <tr><td>Max.pull-down piston stroke<\/td><td>m<\/td><td>13<\/td><\/tr>\r\n\r\n    <tr><td><b>Main Winch<\/b><\/td><td><\/td><td><\/td><\/tr>\r\n    <tr><td>Max.pulling force<\/td><td>kN<\/td><td>240<\/td><\/tr>\r\n    <tr><td>Max.line speed<\/td><td>m\/min<\/td><td>70<\/td><\/tr>\r\n\r\n    <tr><td><b>Auxiliary Winch<\/b><\/td><td><\/td><td><\/td><\/tr>\r\n    <tr><td>Max.pulling force<\/td><td>kN<\/td><td>80<\/td><\/tr>\r\n    <tr><td>Max.line speed<\/td><td>m\/min<\/td><td>70<\/td><\/tr>\r\n    <tr><td>Mast Rake (Slide\/forwards\/backwards)<\/td><td>\u00b0<\/td><td>\u00b14\/5\/15<\/td><\/tr>\r\n\r\n    <tr><td><b>Undercarriage<\/b><\/td><td><\/td><td><\/td><\/tr>\r\n    <tr><td>Max.traveling speed<\/td><td>km\/h<\/td><td>1.8<\/td><\/tr>\r\n    <tr><td>Max.grade ability<\/td><td>%<\/td><td>35<\/td><\/tr>\r\n    <tr><td>Min.clearance<\/td><td>mm<\/td><td>450<\/td><\/tr>\r\n    <tr><td>Track shoe width<\/td><td>mm<\/td><td>800<\/td><\/tr>\r\n    <tr><td>Distance between tracks<\/td><td>mm<\/td><td>3250-4400<\/td><\/tr>\r\n\r\n    <tr><td><b>Hydraulic System<\/b><\/td><td><\/td><td><\/td><\/tr>\r\n    <tr><td>Working pressure<\/td><td>MPa<\/td><td>35<\/td><\/tr>\r\n    <tr><td>Overall Drilling Weight<\/td><td>t<\/td><td>84<\/td><\/tr>\r\n\r\n    <tr><td><b>Dimension<\/b><\/td><td><\/td><td><\/td><\/tr>\r\n    <tr><td>Working condition<\/td><td>mm<\/td><td>8870\u00d74400\u00d722800<\/td><\/tr>\r\n    <tr><td>Transportation condition<\/td><td>mm<\/td><td>17525\u00d73250\u00d73594<\/td><\/tr>\r\n  <\/tbody>\r\n<\/table>\t\t<\/div>\n\t\t\t\t<\/div>\n\t\t\t\t<\/div>\n\t\t\t\t<\/div>","protected":false},"excerpt":{"rendered":"<p>XR 240E It&#8217;s applicable for concrete cast in situ pile for foundation construction such as urban construction,railway,highway,bridge,subway and building. Specification Unit Value Engine Model &#8211; L9 Euro V Rated Power kW 252 Rotary Drive Max.output torque kN\ufe52m 240 Rotary Speed r\/min 7-30 Max.Drilling Diameter mm \u00d82200\/\u00d82000* Max.Drilling Depth m 70 Crowd Cylinder Max.pull-down piston push kN 210 Max.pull-down piston pull kN 220 Max.pull-down piston stroke m 5 Crowd Winch Max.pull-down piston push kN 250 Max.pull-down piston pull kN 250 Max.pull-down piston stroke m 13 Main Winch Max.pulling force kN 240 Max.line speed m\/min 70 Auxiliary Winch Max.pulling force kN 80 Max.line speed m\/min 70 Mast Rake (Slide\/forwards\/backwards) \u00b0 \u00b14\/5\/15 Undercarriage Max.traveling speed km\/h 1.8 Max.grade ability % 35 Min.clearance mm 450 Track shoe width mm 800 Distance between tracks mm 3250-4400 Hydraulic System Working pressure MPa 35 Overall Drilling Weight t 84 Dimension Working condition mm 8870\u00d74400\u00d722800 Transportation condition mm 17525\u00d73250\u00d73594<\/p>","protected":false},"author":2,"featured_media":0,"parent":0,"menu_order":0,"comment_status":"closed","ping_status":"closed","template":"","meta":{"footnotes":""},"class_list":["post-180","page","type-page","status-publish","hentry"],"_links":{"self":[{"href":"https:\/\/fmldrilling.com\/en\/wp-json\/wp\/v2\/pages\/180","targetHints":{"allow":["GET"]}}],"collection":[{"href":"https:\/\/fmldrilling.com\/en\/wp-json\/wp\/v2\/pages"}],"about":[{"href":"https:\/\/fmldrilling.com\/en\/wp-json\/wp\/v2\/types\/page"}],"author":[{"embeddable":true,"href":"https:\/\/fmldrilling.com\/en\/wp-json\/wp\/v2\/users\/2"}],"replies":[{"embeddable":true,"href":"https:\/\/fmldrilling.com\/en\/wp-json\/wp\/v2\/comments?post=180"}],"version-history":[{"count":7,"href":"https:\/\/fmldrilling.com\/en\/wp-json\/wp\/v2\/pages\/180\/revisions"}],"predecessor-version":[{"id":773,"href":"https:\/\/fmldrilling.com\/en\/wp-json\/wp\/v2\/pages\/180\/revisions\/773"}],"wp:attachment":[{"href":"https:\/\/fmldrilling.com\/en\/wp-json\/wp\/v2\/media?parent=180"}],"curies":[{"name":"wp","href":"https:\/\/api.w.org\/{rel}","templated":true}]}}